{"id":157,"date":"2019-07-11T22:21:19","date_gmt":"2019-07-11T20:21:19","guid":{"rendered":"https:\/\/batcave1.myqnapcloud.com:8081\/wordpress\/?page_id=157"},"modified":"2019-09-10T09:27:24","modified_gmt":"2019-09-10T09:27:24","slug":"med-trainingstherapie","status":"publish","type":"page","link":"https:\/\/www.heilpraktiker-safr.de\/wordpress\/med-trainingstherapie\/","title":{"rendered":"Med. Trainingstherapie"},"content":{"rendered":"\n<p>In der Medizinischen Trainingstherapie,&nbsp;einem individuell zugeschnittenen&nbsp;Muskel(aufbau)training, wird ihre k\u00f6rperliche Leistungsf\u00e4higkeit wieder hergestellt bzw. verbessert. Je nach pers\u00f6nlicher&nbsp;Problemstellung und&nbsp;Zielsetzung werden wir Ihre Kraft, Ausdauer, Beweglichkeit, Gelenkstabilisation und Koordination mit Hilfe diverser Triningsger\u00e4te wieder aufbauen, so dass sie nach Verletzungen, Operationen, Bandscheibenvorf\u00e4llen oder anderen orthop\u00e4dischen Einschr\u00e4nkungen wieder fit und leistungsf\u00e4hig werden&nbsp;und ihre sportlichen Aktivit\u00e4ten wieder aufnehmen k\u00f6nnen. <\/p>\n","protected":false},"excerpt":{"rendered":"<p>In der Medizinischen Trainingstherapie,&nbsp;einem individuell zugeschnittenen&nbsp;Muskel(aufbau)training, wird ihre k\u00f6rperliche Leistungsf\u00e4higkeit wieder hergestellt bzw. verbessert. Je nach pers\u00f6nlicher&nbsp;Problemstellung und&nbsp;Zielsetzung werden wir Ihre Kraft, Ausdauer, Beweglichkeit, Gelenkstabilisation und Koordination mit Hilfe diverser Triningsger\u00e4te wieder aufbauen, so dass sie nach Verletzungen, Operationen, Bandscheibenvorf\u00e4llen oder anderen orthop\u00e4dischen Einschr\u00e4nkungen wieder fit und leistungsf\u00e4hig werden&nbsp;und ihre sportlichen Aktivit\u00e4ten wieder aufnehmen k\u00f6nnen.<\/p>\n","protected":false},"author":1,"featured_media":246,"parent":0,"menu_order":0,"comment_status":"closed","ping_status":"closed","template":"","meta":{"footnotes":""},"class_list":["post-157","page","type-page","status-publish","has-post-thumbnail","hentry"],"aioseo_notices":[],"_links":{"self":[{"href":"https:\/\/www.heilpraktiker-safr.de\/wordpress\/wp-json\/wp\/v2\/pages\/157","targetHints":{"allow":["GET"]}}],"collection":[{"href":"https:\/\/www.heilpraktiker-safr.de\/wordpress\/wp-json\/wp\/v2\/pages"}],"about":[{"href":"https:\/\/www.heilpraktiker-safr.de\/wordpress\/wp-json\/wp\/v2\/types\/page"}],"author":[{"embeddable":true,"href":"https:\/\/www.heilpraktiker-safr.de\/wordpress\/wp-json\/wp\/v2\/users\/1"}],"replies":[{"embeddable":true,"href":"https:\/\/www.heilpraktiker-safr.de\/wordpress\/wp-json\/wp\/v2\/comments?post=157"}],"version-history":[{"count":2,"href":"https:\/\/www.heilpraktiker-safr.de\/wordpress\/wp-json\/wp\/v2\/pages\/157\/revisions"}],"predecessor-version":[{"id":227,"href":"https:\/\/www.heilpraktiker-safr.de\/wordpress\/wp-json\/wp\/v2\/pages\/157\/revisions\/227"}],"wp:featuredmedia":[{"embeddable":true,"href":"https:\/\/www.heilpraktiker-safr.de\/wordpress\/wp-json\/wp\/v2\/media\/246"}],"wp:attachment":[{"href":"https:\/\/www.heilpraktiker-safr.de\/wordpress\/wp-json\/wp\/v2\/media?parent=157"}],"curies":[{"name":"wp","href":"https:\/\/api.w.org\/{rel}","templated":true}]}}