{"id":163,"date":"2019-07-11T22:27:02","date_gmt":"2019-07-11T20:27:02","guid":{"rendered":"https:\/\/batcave1.myqnapcloud.com:8081\/wordpress\/?page_id=163"},"modified":"2019-09-10T09:28:03","modified_gmt":"2019-09-10T09:28:03","slug":"medizinisches-qi-gong","status":"publish","type":"page","link":"https:\/\/www.heilpraktiker-safr.de\/wordpress\/medizinisches-qi-gong\/","title":{"rendered":"Medizinisches Qi Gong"},"content":{"rendered":"\n<p>Hier geht man von der Vorstellung aus, dass im lebendigen menschlichen Organismus eine Lebensenergie &#8222;Qi&#8220; zirkuliert. Diese Lebendigkeit findet Ihren Ausdruck in optimaler Funktion der inneren Organe, der angemessenen Aktivit\u00e4t unseres Immunsystems (potente Selbstheilung), positiver Hinwendung zu uns selbst sowie in freudiger sozialer Interaktion &#8211; Lebensfreude und sexueller Aktivit\u00e4t. Es wurden und werden viele&nbsp;(Bewegungs-, Atem-, Achtsamkeits-, Akupressur)\u00dcbungen entwickelt, die die diagnostizierten Blockierungen der Qi-Zirkulation l\u00f6sen und damit die Lebendigkeit f\u00f6rdern sollen, um schneller zu genesen oder erst gar nicht zu erkranken &#8211; Denn Krankheit erscheint hier als Blockade(n) der Qi-Zirkulation.<br><\/p>\n\n\n\n<p>Entsprechend der Diagnose lernen Sie die speziell f\u00fcr Sie ausgesuchten Qi Gong \u00dcbungen f\u00fcr Ihr h\u00e4usliches \u00dcben der Qi-Pflege. Je nach vorliegendem Problem wird das Medizinische Qi Gong, also die Arbeit mit und am Qi, effizienzsteigernd mit Ern\u00e4hrungsanpassung, Akupunktur und allgemeiner Modifikation des Lebenswandels kombiniert.<br><\/p>\n\n\n\n<p>Qi Gong wird in Deutschland h\u00e4ufig praktiziert, ist aber von der schulmedizinischen Wissenschaft als Heilmittel kaum&nbsp;anerkannt. Dennoch werden inzwischen Qi Gong Kurse als Pr\u00e4ventionsprogramme von vielen Krankenkassen bezuschusst.<br><br>Die wachsende Zahl von Studien, die die positiven Wirkungen von Qi Gong auch als Heilmethode belegen, l\u00e4sst hoffen, dass Medizinisches Qi Gong bald auch die angemessene W\u00fcrdigung seitens der Schulmedizin erf\u00e4hrt.<\/p>\n","protected":false},"excerpt":{"rendered":"<p>Hier geht man von der Vorstellung aus, dass im lebendigen menschlichen Organismus eine Lebensenergie &#8222;Qi&#8220; zirkuliert. Diese Lebendigkeit findet Ihren Ausdruck in optimaler Funktion der inneren Organe, der angemessenen Aktivit\u00e4t unseres Immunsystems (potente Selbstheilung), positiver Hinwendung zu uns selbst sowie in freudiger sozialer Interaktion &#8211; Lebensfreude und sexueller Aktivit\u00e4t. Es wurden und werden viele&nbsp;(Bewegungs-, Atem-, [&hellip;]<\/p>\n","protected":false},"author":1,"featured_media":246,"parent":0,"menu_order":0,"comment_status":"closed","ping_status":"closed","template":"","meta":{"footnotes":""},"class_list":["post-163","page","type-page","status-publish","has-post-thumbnail","hentry"],"aioseo_notices":[],"_links":{"self":[{"href":"https:\/\/www.heilpraktiker-safr.de\/wordpress\/wp-json\/wp\/v2\/pages\/163","targetHints":{"allow":["GET"]}}],"collection":[{"href":"https:\/\/www.heilpraktiker-safr.de\/wordpress\/wp-json\/wp\/v2\/pages"}],"about":[{"href":"https:\/\/www.heilpraktiker-safr.de\/wordpress\/wp-json\/wp\/v2\/types\/page"}],"author":[{"embeddable":true,"href":"https:\/\/www.heilpraktiker-safr.de\/wordpress\/wp-json\/wp\/v2\/users\/1"}],"replies":[{"embeddable":true,"href":"https:\/\/www.heilpraktiker-safr.de\/wordpress\/wp-json\/wp\/v2\/comments?post=163"}],"version-history":[{"count":2,"href":"https:\/\/www.heilpraktiker-safr.de\/wordpress\/wp-json\/wp\/v2\/pages\/163\/revisions"}],"predecessor-version":[{"id":228,"href":"https:\/\/www.heilpraktiker-safr.de\/wordpress\/wp-json\/wp\/v2\/pages\/163\/revisions\/228"}],"wp:featuredmedia":[{"embeddable":true,"href":"https:\/\/www.heilpraktiker-safr.de\/wordpress\/wp-json\/wp\/v2\/media\/246"}],"wp:attachment":[{"href":"https:\/\/www.heilpraktiker-safr.de\/wordpress\/wp-json\/wp\/v2\/media?parent=163"}],"curies":[{"name":"wp","href":"https:\/\/api.w.org\/{rel}","templated":true}]}}