{"id":2,"date":"2019-03-12T23:12:26","date_gmt":"2019-03-12T22:12:26","guid":{"rendered":"http:\/\/localhost\/wordpress\/?page_id=2"},"modified":"2025-08-03T09:23:02","modified_gmt":"2025-08-03T09:23:02","slug":"beispiel-seite","status":"publish","type":"page","link":"https:\/\/www.heilpraktiker-safr.de\/wordpress\/","title":{"rendered":"Ihr Heilpraktiker in Erlangen-Tennenlohe"},"content":{"rendered":"\n<p class=\"has-large-font-size\"><\/p>\n\n\n\n<p class=\"has-text-align-left\"><strong><em>Liebe Patientinnen und Patienten!<\/em><\/strong><\/p>\n\n\n\n<ul class=\"wp-block-list\">\n<li>Die beliebten <strong>Video-Sprechstunden<\/strong> biete ich Ihnen weiterhin an, die Software ist sicherheitszertifiziert. Telefonische Beratung ist ebenfalls m\u00f6glich. <\/li>\n\n\n\n<li>Die Materialien f\u00fcr die h\u00e4usliche Probenentnahme (Stuhl, Urin, Speichel und evtl. auch Kapillarblut) k\u00f6nnen Sie auch auf dem Postweg erhalten und dann im Freiumschlag ans Labor senden.<\/li>\n\n\n\n<li>Ich verzichte auf H\u00e4ndesch\u00fctteln und beachte wie auch sonst die gebotenen Hygienevorschriften (Husten- und Niesetikette) in der Praxis. <\/li>\n\n\n\n<li>Ich habe f\u00fcr ausreichend Desinfektionsmittel gesorgt. <strong>Sie werden<\/strong> <strong>dringend gebeten, beim betreten meiner Praxis das bereitgestellte H\u00e4ndedesinfektionsmittel zu benutzen<\/strong>.<\/li>\n\n\n\n<li>In den Behandlungsr\u00e4umen wird nach jedem Patienten desinfiziert.<\/li>\n\n\n\n<li><strong>Bitte bleiben Sie daheim, wenn Sie Erk\u00e4ltungssymptome haben!!!<\/strong><\/li>\n<\/ul>\n\n\n\n<p><\/p>\n\n\n\n<p><\/p>\n\n\n<div class=\"wp-block-image\">\n<figure class=\"alignleft is-resized\"><img loading=\"lazy\" decoding=\"async\" width=\"325\" height=\"230\" src=\"https:\/\/www.heilpraktiker-safr.de\/wordpress\/wp-content\/uploads\/2019\/07\/Emotion_Logo_gro\u00df1.jpg\" alt=\"\" class=\"wp-image-109\" style=\"width:233px;height:165px\" srcset=\"https:\/\/www.heilpraktiker-safr.de\/wordpress\/wp-content\/uploads\/2019\/07\/Emotion_Logo_gro\u00df1.jpg 325w, https:\/\/www.heilpraktiker-safr.de\/wordpress\/wp-content\/uploads\/2019\/07\/Emotion_Logo_gro\u00df1-300x212.jpg 300w\" sizes=\"auto, (max-width: 325px) 100vw, 325px\" \/><\/figure><\/div>\n\n\n<p style=\"font-size:19px\"><br><br><br>\u2013\u2009mit <strong style=\"color:red\">Herz<\/strong> und Verstand bewegen!<\/p>\n\n\n\n<div style=\"height:20px\" aria-hidden=\"true\" class=\"wp-block-spacer\"><\/div>\n\n\n\n<p><strong>In meiner Naturheilpraxis behandle ich Sie gerne mit der f\u00fcr Sie <\/strong><br><strong>passenden Auswahl aus diesen Methoden:<\/strong><\/p>\n\n\n\n<ul class=\"wp-block-list\">\n<li>Osteopathie<\/li>\n\n\n\n<li>Neuraltherapie<\/li>\n\n\n\n<li>Orthomolekulare Therapie, Behandlung mit Mikron\u00e4hrstoffen<\/li>\n\n\n\n<li>Entgiftungstherapie<\/li>\n\n\n\n<li>Infusionen<\/li>\n\n\n\n<li>Darmsanierung<\/li>\n\n\n\n<li>Akupunktur<\/li>\n\n\n\n<li>diverse alte und neue Therapieverfahren der Naturheilkunde<\/li>\n\n\n\n<li>Neuromuskul\u00e4re Therapie<\/li>\n\n\n\n<li>Medizinisches Taping<\/li>\n\n\n\n<li>Medizinische Trainingstherapie<\/li>\n\n\n\n<li>Med. Qi Gong     <\/li>\n<\/ul>\n\n\n\n<p><\/p>\n","protected":false},"excerpt":{"rendered":"<p>Liebe Patientinnen und Patienten! \u2013\u2009mit Herz und Verstand bewegen! In meiner Naturheilpraxis behandle ich Sie gerne mit der f\u00fcr Sie passenden Auswahl aus diesen Methoden:<\/p>\n","protected":false},"author":1,"featured_media":259,"parent":0,"menu_order":0,"comment_status":"closed","ping_status":"open","template":"","meta":{"footnotes":""},"class_list":["post-2","page","type-page","status-publish","has-post-thumbnail","hentry"],"aioseo_notices":[],"_links":{"self":[{"href":"https:\/\/www.heilpraktiker-safr.de\/wordpress\/wp-json\/wp\/v2\/pages\/2","targetHints":{"allow":["GET"]}}],"collection":[{"href":"https:\/\/www.heilpraktiker-safr.de\/wordpress\/wp-json\/wp\/v2\/pages"}],"about":[{"href":"https:\/\/www.heilpraktiker-safr.de\/wordpress\/wp-json\/wp\/v2\/types\/page"}],"author":[{"embeddable":true,"href":"https:\/\/www.heilpraktiker-safr.de\/wordpress\/wp-json\/wp\/v2\/users\/1"}],"replies":[{"embeddable":true,"href":"https:\/\/www.heilpraktiker-safr.de\/wordpress\/wp-json\/wp\/v2\/comments?post=2"}],"version-history":[{"count":58,"href":"https:\/\/www.heilpraktiker-safr.de\/wordpress\/wp-json\/wp\/v2\/pages\/2\/revisions"}],"predecessor-version":[{"id":448,"href":"https:\/\/www.heilpraktiker-safr.de\/wordpress\/wp-json\/wp\/v2\/pages\/2\/revisions\/448"}],"wp:featuredmedia":[{"embeddable":true,"href":"https:\/\/www.heilpraktiker-safr.de\/wordpress\/wp-json\/wp\/v2\/media\/259"}],"wp:attachment":[{"href":"https:\/\/www.heilpraktiker-safr.de\/wordpress\/wp-json\/wp\/v2\/media?parent=2"}],"curies":[{"name":"wp","href":"https:\/\/api.w.org\/{rel}","templated":true}]}}