{"id":38,"date":"2019-06-28T20:18:10","date_gmt":"2019-06-28T18:18:10","guid":{"rendered":"http:\/\/localhost\/wordpress\/?page_id=38"},"modified":"2025-08-03T19:43:37","modified_gmt":"2025-08-03T19:43:37","slug":"kosten","status":"publish","type":"page","link":"https:\/\/www.heilpraktiker-safr.de\/wordpress\/kosten\/","title":{"rendered":"Behandlungskosten"},"content":{"rendered":"\n<h3 class=\"wp-block-heading\"><strong>Leistungen f\u00fcr Privat- und zusatzversicherte Patienten sowie Beihilfeempf\u00e4nger<\/strong><\/h3>\n\n\n\n<p>werden von mir in Anlehnung an den Maximalbetrag der Geb\u00fchrenordnung f\u00fcr Heilpraktiker (Geb\u00fcH) abgerechnet.\u00a0Meine Abrechnungspraxis orientiert sich weitestgehend an den Leistungen der privaten Krankenversicherungen. Allerdings \u00e4ndern sich deren Bedingungen f\u00fcr Heilpaktikererstattungen fortlaufend und variieren bei den Versicherungstr\u00e4gern.<br>Bitte erkundigen Sie sich gezielt bei Ihrer Kasse, in welchem tariflichen Umfang Heilpraktikerleistungen Ihnen erstattet werden. <br><br>Je nach Tarif, den Sie mit Ihrer Krankenkasse abgeschlossen haben, werden diese Kosten vollst\u00e4ndig oder nur zu einem\u00a0bestimmten Prozentsatz (z.B. 80% oder 60%) oder nur mit dem Mindestsatz der Geb\u00fcH pro Rechnung \u00fcbernommen.<br>Es gibt ebenfalls tarifliche Vereinbarungen, in denen nur festgelegte Betr\u00e4ge f\u00fcr Heilpraktikerleistungen innerhalb eines oder innerhalb von zwei Jahren erstattet werden. Nach Aussch\u00f6pfung dieses Festbetrages m\u00fcssten Sie weitere Leistungen f\u00fcr den restlichen Zeitraum selbst tragen. <br><br>Viele Versicherungstarife enthalten einen j\u00e4hrlichen Selbstbehalt, der von Erstattungen abgezogen wird. Bitte beachten Sie dieses. Bitte teilen Sie mir vorher mit, wenn in Ihrem Versicherungsvertrag bestimmte Erkrankungen von der Versicherungsleistung ausgeschlossen sein sollten.<\/p>\n\n\n\n<h3 class=\"wp-block-heading\"><strong>Versicherte der Postbeamtenkrankenkasse<\/strong><\/h3>\n\n\n\n<p>erhalten die Behandlungskosten in der Regel nur zu einem geringen Teil erstattet (ca. 15-20%) Die Erstattungspraxis dort weicht stark von denen der privaten Krankenversicherungen ab und folgt z.T. eigenen Regeln. <\/p>\n\n\n\n<h3 class=\"wp-block-heading\"><strong>Selbstzahler<\/strong><\/h3>\n\n\n\n<p>Da die gesetzlichen Krankenkassen Heilpraktikerkosten nicht \u00fcbernehmen, berechne ich momentan einen Stundensatz von \u20ac 100,-. Die Erstaufnahme kann, je nach Umfang der Erkrankung 1-2 Stunden dauern. Folgetermine sind in der Regel Einstundentermine. \u00dcber die erbrachte Behandlung erhalten Sie eine entsprechende Rechnung zugesandt, bevorzugt elektronisch und verschl\u00fcsselt. Ich m\u00f6chte darum bitten, den anfallenden Betrag innerhalb einer Woche nach dem Rechnungsdatum zu begleichen. Erkundigen Sie sich bei Ihrem Steuerberater, in wie weit Sie die Kosten als medizinisch notwendige Aufwendungen absetzen k\u00f6nnen. <\/p>\n\n\n\n<h3 class=\"wp-block-heading\">Dauer der Behandlung<\/h3>\n\n\n\n<p>Wie viele Behandlungen&nbsp;notwendig sein werden, h\u00e4ngt von der Diagnose und der Reaktionsf\u00e4higkeit auf naturheilkundliche Therapien ab und kann z.T. erst nach 1-4 Sitzungen eingesch\u00e4tzt werden. <\/p>\n\n\n\n<h3 class=\"wp-block-heading\"><strong>Naturheilkundliche Methoden<\/strong><\/h3>\n\n\n\n<p>Sie werden hiermit dar\u00fcber&nbsp; informiert, dass bei der Behandlung&nbsp; zum Teil naturheilkundliche Methoden eingesetzt werden, die nach schulmedizinischen Ma\u00dfst\u00e4ben nicht, oder noch nicht wissenschaftlich anerkannt sind. Somit soll das diagnostische und therapeutische &nbsp;Angebot in dieser Praxis auch&nbsp; kein Heilversprechen darstellen. Es erg\u00e4nzt, aber ersetzt nicht notwendige schulmedizinische Ma\u00dfnahmen. <br><br>\u00dcber entsprechende Wirkungen und Nebenwirkungen der Ihnen vorgeschlagenen Therapieformen werden Sie je nach Vorgehensweise separat aufgekl\u00e4rt. <\/p>\n\n\n\n<h3 class=\"wp-block-heading\"><strong>Datenschutz\/\u00e4rztliche Schweigepflicht<\/strong><\/h3>\n\n\n\n<p>Alle Angaben unterliegen der \u00e4rztlichen Schweigepflicht und dem Datenschutz. Ihre Daten werden in meiner praxisinternen Datenverarbeitung gespeichert, vertraulich behandelt und an Au\u00dfenstehende nur mit Ihrer ausdr\u00fccklichen Erlaubnis weitergeleitet. <\/p>\n\n\n\n<h3 class=\"wp-block-heading\"><strong>Kosten\u00fcbernahme<\/strong><\/h3>\n\n\n\n<p>Sie werden hiermit dar\u00fcber aufgekl\u00e4rt, dass eine vollst\u00e4ndige \u00dcbernahme der Behandlungskosten durch die Versicherung u.\/o. Beihilfe grunds\u00e4tzlich nicht garantiert werden kann und immer der gesamte Rechnungsbetrag zu bezahlen ist. <\/p>\n\n\n\n<p><em><strong>F\u00fcr vereinbarte Termine, die nicht mindestens 24 Stunden vor dem Termin abgesagt werden, wird ein Ausfallhonorar von \u20ac 50,00 berechnet, sofern der Termin nicht erneut vergeben werden konnte.<\/strong><\/em><\/p>\n","protected":false},"excerpt":{"rendered":"<p>Leistungen f\u00fcr Privat- und zusatzversicherte Patienten sowie Beihilfeempf\u00e4nger werden von mir in Anlehnung an den Maximalbetrag der Geb\u00fchrenordnung f\u00fcr Heilpraktiker (Geb\u00fcH) abgerechnet.\u00a0Meine Abrechnungspraxis orientiert sich weitestgehend an den Leistungen der privaten Krankenversicherungen. Allerdings \u00e4ndern sich deren Bedingungen f\u00fcr Heilpaktikererstattungen fortlaufend und variieren bei den Versicherungstr\u00e4gern.Bitte erkundigen Sie sich gezielt bei Ihrer Kasse, in welchem tariflichen [&hellip;]<\/p>\n","protected":false},"author":1,"featured_media":249,"parent":0,"menu_order":0,"comment_status":"closed","ping_status":"closed","template":"","meta":{"footnotes":""},"class_list":["post-38","page","type-page","status-publish","has-post-thumbnail","hentry"],"aioseo_notices":[],"_links":{"self":[{"href":"https:\/\/www.heilpraktiker-safr.de\/wordpress\/wp-json\/wp\/v2\/pages\/38","targetHints":{"allow":["GET"]}}],"collection":[{"href":"https:\/\/www.heilpraktiker-safr.de\/wordpress\/wp-json\/wp\/v2\/pages"}],"about":[{"href":"https:\/\/www.heilpraktiker-safr.de\/wordpress\/wp-json\/wp\/v2\/types\/page"}],"author":[{"embeddable":true,"href":"https:\/\/www.heilpraktiker-safr.de\/wordpress\/wp-json\/wp\/v2\/users\/1"}],"replies":[{"embeddable":true,"href":"https:\/\/www.heilpraktiker-safr.de\/wordpress\/wp-json\/wp\/v2\/comments?post=38"}],"version-history":[{"count":15,"href":"https:\/\/www.heilpraktiker-safr.de\/wordpress\/wp-json\/wp\/v2\/pages\/38\/revisions"}],"predecessor-version":[{"id":450,"href":"https:\/\/www.heilpraktiker-safr.de\/wordpress\/wp-json\/wp\/v2\/pages\/38\/revisions\/450"}],"wp:featuredmedia":[{"embeddable":true,"href":"https:\/\/www.heilpraktiker-safr.de\/wordpress\/wp-json\/wp\/v2\/media\/249"}],"wp:attachment":[{"href":"https:\/\/www.heilpraktiker-safr.de\/wordpress\/wp-json\/wp\/v2\/media?parent=38"}],"curies":[{"name":"wp","href":"https:\/\/api.w.org\/{rel}","templated":true}]}}