{"id":40,"date":"2019-06-28T20:18:32","date_gmt":"2019-06-28T18:18:32","guid":{"rendered":"http:\/\/localhost\/wordpress\/?page_id=40"},"modified":"2024-12-04T20:59:28","modified_gmt":"2024-12-04T20:59:28","slug":"beruflicher-werdegang","status":"publish","type":"page","link":"https:\/\/www.heilpraktiker-safr.de\/wordpress\/beruflicher-werdegang\/","title":{"rendered":"Beruflicher Werdegang"},"content":{"rendered":"\n<h3 class=\"wp-block-heading\"><strong>Aktuelle berufliche T\u00e4tigkeiten:<\/strong><\/h3>\n\n\n\n<ul class=\"wp-block-list\">\n<li>Heilpraktiker (seit 2014), Osteopath (2016), Neuraltherapeut (2017)<\/li>\n\n\n\n<li> Lehrbeauftragter an der Uni Erlangen (Massageschule, von 1989 bis 2023)<\/li>\n\n\n\n<li> Lehrbeauftragter im Siemens Betriebssport Erlangen (von 1990 bis 2023)<\/li>\n\n\n\n<li> Lehrbeauftragter bei der BG Elektro, Textil, Feinmechanik in Dresden (von 2007 bis 2024)<\/li>\n<\/ul>\n\n\n\n<h3 class=\"wp-block-heading\"><strong>Beruflicher Werdegang:<\/strong><\/h3>\n\n\n\n<ul class=\"wp-block-list\">\n<li>zertifizierter Osteopath beim Verband freier Osteopathen, VfO<\/li>\n\n\n\n<li>Orthomolekulare Therapie<\/li>\n\n\n\n<li>Darmsanierung, Darmtherapeut<\/li>\n\n\n\n<li>Entgiftungstherapie, Chelatierung<\/li>\n\n\n\n<li>Heilpraktikerausbildung<\/li>\n\n\n\n<li> Medizinisches Tapen-Ausbildung<\/li>\n\n\n\n<li> Osteopathie-Ausbildung<\/li>\n\n\n\n<li> Neuraltherapie-Ausbildung<\/li>\n\n\n\n<li> Akupunktur-Ausbildung<\/li>\n\n\n\n<li> Sportlehrer (LA Gymnasien) und Sporttherapeut<\/li>\n\n\n\n<li> R\u00fcckenschulleiter, Osteoporosekursleiter<\/li>\n\n\n\n<li> Taijilehrer und Qi Gong Lehrer<\/li>\n\n\n\n<li> Therapeut f\u00fcr Medizinische Trainingstherapie<\/li>\n\n\n\n<li> NMT Therapeut (Neuromuskul\u00e4re Therapie)<\/li>\n\n\n\n<li> langj\u00e4hrige Lehrt\u00e4tigkeit in Krankengymnastikschulen<\/li>\n\n\n\n<li> langj\u00e4hrige Lehrt\u00e4tigkeit im Bayerischen und im Deutschen Karateverband<\/li>\n\n\n\n<li> Entwicklung des TheraTrain-Konzepts der Medizinischen Trainingstherapie<\/li>\n\n\n\n<li> langj\u00e4hrige Lehrt\u00e4tigkeit im Deutschen Verband f\u00fcr Gesundheitssport und Sporttherapie DVGS<\/li>\n\n\n\n<li> langj\u00e4hrige Lehrt\u00e4tigkeit im Berufskolleg Waldenburg<\/li>\n\n\n\n<li> langj\u00e4hrige Lehrt\u00e4tigkeit in der Rheuma-Liga Baden W\u00fcrttemberg<\/li>\n\n\n\n<li> Lehrbeauftragter an der Uni Erlangen (Massageschule)<\/li>\n\n\n\n<li> Lehrbeauftragter im Siemens Betriebssport Erlangen<\/li>\n\n\n\n<li> Lehrbeauftragter bei der BG Elektro, Textil, Feinmechanik in Dresden<\/li>\n\n\n\n<li> Taijiquan seit 1990, Qi Gong seit 1994, zertifiziert vom Dachverband<\/li>\n\n\n\n<li> Karate seit 1972, 4. Dan SOK, B-Pr\u00fcfer-Lizenz<\/li>\n<\/ul>\n\n\n\n<h3 class=\"wp-block-heading\"><strong>Gr\u00fcnder und Inhaber von:<\/strong><\/h3>\n\n\n\n<ul class=\"wp-block-list\">\n<li>Physio Consult\u00ae &#8211; Unternehmensberatung f\u00fcr Gesundheitsberufe<\/li>\n\n\n\n<li>PhysioShop\u00ae &#8211; Webshop f\u00fcr Physiotherapie- und Sportbedarf<\/li>\n\n\n\n<li>Theratrain\u00ae &#8211; Trainingstherapie mit dem Thera-Band<\/li>\n<\/ul>\n","protected":false},"excerpt":{"rendered":"<p>Aktuelle berufliche T\u00e4tigkeiten: Beruflicher Werdegang: Gr\u00fcnder und Inhaber von:<\/p>\n","protected":false},"author":1,"featured_media":242,"parent":0,"menu_order":0,"comment_status":"closed","ping_status":"closed","template":"","meta":{"footnotes":""},"class_list":["post-40","page","type-page","status-publish","has-post-thumbnail","hentry"],"aioseo_notices":[],"_links":{"self":[{"href":"https:\/\/www.heilpraktiker-safr.de\/wordpress\/wp-json\/wp\/v2\/pages\/40","targetHints":{"allow":["GET"]}}],"collection":[{"href":"https:\/\/www.heilpraktiker-safr.de\/wordpress\/wp-json\/wp\/v2\/pages"}],"about":[{"href":"https:\/\/www.heilpraktiker-safr.de\/wordpress\/wp-json\/wp\/v2\/types\/page"}],"author":[{"embeddable":true,"href":"https:\/\/www.heilpraktiker-safr.de\/wordpress\/wp-json\/wp\/v2\/users\/1"}],"replies":[{"embeddable":true,"href":"https:\/\/www.heilpraktiker-safr.de\/wordpress\/wp-json\/wp\/v2\/comments?post=40"}],"version-history":[{"count":17,"href":"https:\/\/www.heilpraktiker-safr.de\/wordpress\/wp-json\/wp\/v2\/pages\/40\/revisions"}],"predecessor-version":[{"id":432,"href":"https:\/\/www.heilpraktiker-safr.de\/wordpress\/wp-json\/wp\/v2\/pages\/40\/revisions\/432"}],"wp:featuredmedia":[{"embeddable":true,"href":"https:\/\/www.heilpraktiker-safr.de\/wordpress\/wp-json\/wp\/v2\/media\/242"}],"wp:attachment":[{"href":"https:\/\/www.heilpraktiker-safr.de\/wordpress\/wp-json\/wp\/v2\/media?parent=40"}],"curies":[{"name":"wp","href":"https:\/\/api.w.org\/{rel}","templated":true}]}}