{"id":423,"date":"2023-10-20T16:51:56","date_gmt":"2023-10-20T16:51:56","guid":{"rendered":"https:\/\/www.heilpraktiker-safr.de\/wordpress\/?page_id=423"},"modified":"2023-10-20T17:02:55","modified_gmt":"2023-10-20T17:02:55","slug":"darmsanierung","status":"publish","type":"page","link":"https:\/\/www.heilpraktiker-safr.de\/wordpress\/darmsanierung\/","title":{"rendered":"Darmsanierung"},"content":{"rendered":"\n<p>Das Verdauungsorgan Darm ist an vielen Erkrankungen und Beschwerden beteiligt &#8211; Schon Hippokrates soll ca. 400 Jahre vor unserer Zeitrechnung gesagt haben: &#8222;Der Tod beginnt im Darm&#8220;. Mit seinen ca. 8 Metern L\u00e4nge und ca. 400qm Fl\u00e4che ist es unsere gr\u00f6\u00dfte Kontaktfl\u00e4che mit der Au\u00dfenwelt. Mit Hilfe der ca. 3-4 Pfund Bakterien, dem Mikrobiom, k\u00f6nnen wir verdauen, also das aus der Nahrung entnehmen, was unser Organismus braucht und den Rest ausscheiden. Das darmeigene Immunsystem wird aktiv, wenn pathogene Keime\/Krankheitserreger versuchen, durch die (sehr d\u00fcnne) Darmwand in unseren K\u00f6rper zu gelangen. Meist ist das Immunsystem erfolgreich. Die Integrit\u00e4t der Darmwand, des Mikrobioms und der Darmschleimhaut mu\u00df sichergestellt sein und wird immer wieder durch diverse Angreifer auf eine harte Probe gestellt, die sie manchmal nicht besteht: <\/p>\n\n\n\n<p>Antibiotika und andere Medikamente k\u00f6nnen (als &#8222;unerw\u00fcnschte Nebenwirkung&#8220;) das Mikrobiom und damit die Abwehr gegen pathogene Keime schw\u00e4chen. Zusatzstoffe, wie z.B. Emulgatoren, reduzieren die sch\u00fctzende Schleimschicht &#8211; Angreifer haben nun ein leichteres Spiel und das Immunsystem mu\u00df versuchen, mit Hilfe einer Entz\u00fcndung das Problem zu l\u00f6sen. Mit dem Risiko, dass die Entz\u00fcndung \u00fcber das sinnvolle Ma\u00df hinaus bestehen bleibt und zum &#8222;Selbstl\u00e4ufer&#8220; wird, einer mehr oder minder &#8222;stillen Entz\u00fcndung&#8220;, die sich im Organismus ausbreitet. Diese Entz\u00fcndung kann zu unterschiedlichen Organproblemen f\u00fchren. Sie war \u00fcbrigens eine der wichtigsten Ursachen der z.T. veheerenden (Aus-)Wirkungen von Covid19. <\/p>\n\n\n\n<p>Nahrungsbestandteile, die nicht verdaut werden k\u00f6nnen, werden im Normalfall vom Darmimmunsystem ignoriert (wir sprechen hier von der &#8222;Toleranz&#8220; des Immunsystems) und ausgeschieden. Diese Toleranz h\u00e4ngt von der betreffenden Substanz und ihrer aktuellen Menge im Darm ab und ist individuell sehr unterschiedlich &#8211; Bestandteile des Klebereiwe\u00dfes Gluten z.B. l\u00f6sen bei manchen Menschen schon bei einem Milligramm eine heftige allergische Reaktion aus (Z\u00f6liakie). Andere Menschen reagieren erst bei deutlich gr\u00f6\u00dferen Mengen und dann auch eher mit Unvertr\u00e4glichkeiten\/Entz\u00fcndung, Bl\u00e4hungen, Durchfall, Bauchschmerzen,&#8230;<\/p>\n\n\n\n<p>Durch manche Nahrungsmittel wird das Mikrobiom ung\u00fcnstig ver\u00e4ndert, man spricht dann von &#8222;F\u00e4ulnisflora&#8220; die erstens verhindert, dass wir wichtige N\u00e4hrstoffe aufnehmen &#8211; Mangel entsteht, vollem Teller zum Trotz. Zweitens produziert diese Flora (Gift-) Stoffe (Ammoniak, Histamin, Methan, Schwefelwasserstoff,&#8230;) die u.a. die Darmwandintegrit\u00e4t reduzieren (&#8222;Leaky Gut&#8220;\/durchl\u00e4ssiger Darm, gest\u00f6rte Permeabilit\u00e4t) und damit das Immunsystem mit seiner Entz\u00fcndungskaskade auf den Plan rufen. Vielf\u00e4ltige (Verdauungs-)Probleme sind die Folge, immer mehr Menschen brauchen hier Unterst\u00fctzung.<\/p>\n\n\n\n<p>Wir analysieren Ihre Beschwerden. Mit k\u00f6rperlicher Untersuchung und (Stuhl-,Blut-)Labor bestimmen wir Art und Ausma\u00df Ihrer Beschwerden und die dann angemessene konkrete Therapie: Sanierung des Mikrobioms, Anpassung der Ern\u00e4hrung, Ausheilen der Entz\u00fcndung(en), Substitution\/Erg\u00e4nzung fehlender Mikron\u00e4hrstoffe, Ausleitung von Giftstoffen (die sich im K\u00f6rper angesammelt haben), ggf. Schmerztherapie.<\/p>\n","protected":false},"excerpt":{"rendered":"<p>Das Verdauungsorgan Darm ist an vielen Erkrankungen und Beschwerden beteiligt &#8211; Schon Hippokrates soll ca. 400 Jahre vor unserer Zeitrechnung gesagt haben: &#8222;Der Tod beginnt im Darm&#8220;. Mit seinen ca. 8 Metern L\u00e4nge und ca. 400qm Fl\u00e4che ist es unsere gr\u00f6\u00dfte Kontaktfl\u00e4che mit der Au\u00dfenwelt. Mit Hilfe der ca. 3-4 Pfund Bakterien, dem Mikrobiom, k\u00f6nnen [&hellip;]<\/p>\n","protected":false},"author":2,"featured_media":0,"parent":0,"menu_order":0,"comment_status":"closed","ping_status":"closed","template":"","meta":{"footnotes":""},"class_list":["post-423","page","type-page","status-publish","hentry"],"aioseo_notices":[],"_links":{"self":[{"href":"https:\/\/www.heilpraktiker-safr.de\/wordpress\/wp-json\/wp\/v2\/pages\/423","targetHints":{"allow":["GET"]}}],"collection":[{"href":"https:\/\/www.heilpraktiker-safr.de\/wordpress\/wp-json\/wp\/v2\/pages"}],"about":[{"href":"https:\/\/www.heilpraktiker-safr.de\/wordpress\/wp-json\/wp\/v2\/types\/page"}],"author":[{"embeddable":true,"href":"https:\/\/www.heilpraktiker-safr.de\/wordpress\/wp-json\/wp\/v2\/users\/2"}],"replies":[{"embeddable":true,"href":"https:\/\/www.heilpraktiker-safr.de\/wordpress\/wp-json\/wp\/v2\/comments?post=423"}],"version-history":[{"count":2,"href":"https:\/\/www.heilpraktiker-safr.de\/wordpress\/wp-json\/wp\/v2\/pages\/423\/revisions"}],"predecessor-version":[{"id":426,"href":"https:\/\/www.heilpraktiker-safr.de\/wordpress\/wp-json\/wp\/v2\/pages\/423\/revisions\/426"}],"wp:attachment":[{"href":"https:\/\/www.heilpraktiker-safr.de\/wordpress\/wp-json\/wp\/v2\/media?parent=423"}],"curies":[{"name":"wp","href":"https:\/\/api.w.org\/{rel}","templated":true}]}}