{"id":57,"date":"2019-06-28T23:43:15","date_gmt":"2019-06-28T21:43:15","guid":{"rendered":"http:\/\/localhost\/wordpress\/?page_id=57"},"modified":"2020-01-10T19:10:28","modified_gmt":"2020-01-10T19:10:28","slug":"impressum","status":"publish","type":"page","link":"https:\/\/www.heilpraktiker-safr.de\/wordpress\/impressum\/","title":{"rendered":"Impressum"},"content":{"rendered":"\n<p>Emotion!\u00a0<br>Praxis f\u00fcr Osteopathie und Naturheilmedizin<br>Branderweg 28<br>91058 Erlangen<br><br><img loading=\"lazy\" decoding=\"async\" width=\"279\" height=\"84\" class=\"wp-image-323\" style=\"width: 279px;\" src=\"https:\/\/www.heilpraktiker-safr.de\/wordpress\/wp-content\/uploads\/2020\/01\/Impressum_Kontakte.png\" alt=\"\"><br><br><strong>Verantwortlich f\u00fcr die Homepage:\u00a0<\/strong>Jan \u0160afr<br><br><strong>Gesetzliche Berufsbezeichnung:\u00a0<\/strong>Heilpraktiker (verliehen in der Bundesrepublik Deutschland)<br><br><strong>Zust\u00e4ndige Aufsichtsbeh\u00f6rde:\u00a0<\/strong>Erlangen<br><br><strong>Tag der amts\u00e4rztlichen \u00dcberpr\u00fcfung:\u00a0<\/strong>30.06.2014<br><strong>Beh\u00f6rdliche Erlaubnis durch Gesundheitsamt in:\u00a0<\/strong>Ansbach<br><strong>St.Nr.:\u00a0<\/strong>216\/265\/10482<\/p>\n\n\n\n<p><strong>Erg\u00e4nzende Angaben<\/strong> <br><br>Dozent an der Uni Erlangen (Massageschule)<br><strong>Berufsverbandsmitgliedschaft in:&nbsp;<\/strong>BDH<br><strong>Mitgliedsnummer Berufsverband:&nbsp;<\/strong>107107<br><br><strong>Berufsordnung:&nbsp;<\/strong>Nachzulesen im Internet unter https:\/\/www.bdh-online.de\/heilpraktiker\/praxismanagement\/gesetze\/berufsordnung\/<br><br><strong>Rechtsgrundlage der Heilpraktikert\u00e4tigkeit, Heilpraktikergesetz und Durchf\u00fchrungsverordnung:<\/strong>&nbsp;<br>Nachzulesen im Internet unter&nbsp;<a rel=\"noreferrer noopener\" href=\"http:\/\/www.gesetze-im-internet.de\/heilprg\/index.html\" target=\"_blank\">http:\/\/www.gesetze-im-internet.de\/heilprg\/index.html<\/a>&nbsp;und&nbsp;<a rel=\"noreferrer noopener\" href=\"http:\/\/www.gesetze-im-internet.de\/heilprgdv_1\/index.html\" target=\"_blank\">http:\/\/www.gesetze-im-internet.de\/heilprgdv_1\/index.html<\/a><\/p>\n\n\n\n<h3 class=\"wp-block-heading\"><strong>Internet Disclaimer \/ Haftungsausschlu\u00df<\/strong><\/h3>\n\n\n\n<div style=\"height:20px\" aria-hidden=\"true\" class=\"wp-block-spacer\"><\/div>\n\n\n\n<p>Wir begr\u00fc\u00dfen jeden Interessierten auf unserer Homepage.<br><br>Wir weisen darauf hin, dass sich diese Homepage und s\u00e4mtliche Informationen auf der Homepage nach deutschem Recht richtet. Jeder Benutzer, welcher \u00fcber diesen Disclaimer hinweggeht, um auf unseren einzelnen Seiten Zugriff zu nehmen, erkennt mit dem Weiterbl\u00e4ttern der Seite an, dass sich die Beziehung zwischen ihm und uns ausschlie\u00dflich nach deutschem Recht richtet.<br><br>Vorsorglich weisen wir darauf hin, dass die von uns abgegebenen Informationen auf der Homepage nicht genutzt werden k\u00f6nnen, um Krankheiten oder Leiden selbst zu erkennen und therapieren.<br><br>F\u00fcr die Vollst\u00e4ndigkeit oder Richtigkeit der Informationen auf dieser Homepage k\u00f6nnen wir keine Garantie \u00fcbernehmen.<br><br>Wir k\u00f6nnen nicht ausschlie\u00dfen, dass unsere Internetseiten auch Informationen durch Dritte aufweisen. F\u00fcr diese Informationen k\u00f6nnen wir keine Haftung \u00fcbernehmen. Dies gilt vor allem auch f\u00fcr Links zu anderen Hompages, die wir zwar immer wieder daraufhin \u00fcberpr\u00fcfen, ob sie rechtswidrige Inhalte enthalten, aber keine Gew\u00e4hr daf\u00fcr leisten k\u00f6nnen. Die Inhalte dieser Seiten stellen nicht unsere Meinung dar, die Links werden nur zur Verbesserung der Informationsvielfalt ver\u00f6ffentlicht.<br><br>S\u00e4mtliche Texte und Grafiken auf unseren Homepages sind urheberrechtlich oder durch sonstige Schutzrechte gesch\u00fctzt. Der Gebrauch oder die Vervielf\u00e4ltigung dieser Grafiken und Texte ist ohne die vorherige schriftliche Genehmigung durch uns nicht gestattet. Insbesondere werden wir es nicht gestatten, dass Produktbezeichnungen, welche grunds\u00e4tzlich Markenschutz genie\u00dfen, von Dritten gebraucht werden.<br><br>Um die Internetseite aktuell halten zu k\u00f6nnen, werden wir selbstverst\u00e4ndlich die Texte gegebenenfalls \u00e4ndern und\/oder erg\u00e4nzen. Eine Haftung aus dem Inhalt der Internetseiten ergibt sich nicht.<\/p>\n\n\n\n<h3 class=\"wp-block-heading\">Datenschutz<\/h3>\n\n\n\n<div style=\"height:20px\" aria-hidden=\"true\" class=\"wp-block-spacer\"><\/div>\n\n\n\n<p>Wir, die Betreiber dieser Homepage sch\u00fctzen Ihre pers\u00f6nlichen Daten gewissenhaft und befolgen dabei alle Bestimmungen der Datenschutzgesetze. Personenbezogene Daten werden auf dieser Webseite nur soweit erhoben, wies es technisch f\u00fcr statistische Zwecke notwendig ist.. Wir werden die tempor\u00e4r gespeicherten Daten weder verkaufen noch aus anderen Gr\u00fcnden an Dritte weitergegeben.<br><br>Sie k\u00f6nnen sich hier dar\u00fcber informieren, welche Daten erhoben werden, was wir mit diesen Daten machen und wie wir Ihren Schutz sicherstellen.<br><br>Eine \u00dcbersicht finden Sie auf folgender&nbsp;<a rel=\"noreferrer noopener\" href=\"https:\/\/www.heilpraktiker-safr.de\/downloads\/Datenschutzerkl%C3%A4rung,%20web.pdf\" target=\"_blank\">PDF-Datei<\/a>&nbsp;zusammengefasst.<\/p>\n\n\n\n<h3 class=\"wp-block-heading\"><strong>Wie gehen wir mit Ihren Daten um?<\/strong><\/h3>\n\n\n\n<div style=\"height:20px\" aria-hidden=\"true\" class=\"wp-block-spacer\"><\/div>\n\n\n\n<p>Ihr Browser \u00fcbermittelt von sich aus automatisch die folgend aufgelisteten Daten, die wir ebenso automatisiert tempor\u00e4r in einer Datenbank auf unserem Server abspeichern:<br><br>\u2022 Browsertyp und Version<br>\u2022 Das von Ihnen verwendete Betriebssystem<br>\u2022 Referrer URL (die von Ihnen zuletzt besuchte Seite)<br>\u2022 Hostname des zugreifenden Rechners (IP Adresse)<br>\u2022 Uhrzeit des Aufrufs unserer Seite, je nach Einstellung auch der Tag.<br><br>Wir k\u00f6nnen diese Daten nicht einzelnen Personen zuordnen, sie bleiben f\u00fcr uns anonym. Wir f\u00fchren diese Daten auch nicht mit Daten aus anderen Quellen zusammen, sie dienen ausschlie\u00dflich statistischen Zwecken, um die Besuchsh\u00e4ufigkeit und das Navigieren in dieser Homepage analysieren zu k\u00f6nnen, die Daten werden nach jeder statistischen Auswertung gel\u00f6scht.<\/p>\n\n\n\n<h3 class=\"wp-block-heading\"><strong>Cookies<\/strong><\/h3>\n\n\n\n<div style=\"height:20px\" aria-hidden=\"true\" class=\"wp-block-spacer\"><\/div>\n\n\n\n<p>Diese Homepage verwendet keine Cookies.<\/p>\n\n\n\n<h3 class=\"wp-block-heading\"><strong>Wie organisieren wir Newsletter und Kontakt<\/strong><\/h3>\n\n\n\n<div style=\"height:20px\" aria-hidden=\"true\" class=\"wp-block-spacer\"><\/div>\n\n\n\n<p>Im Fachbereich, soweit dieser auf unserer Homepage eingerichtet wird, &nbsp;werden weitere Daten abgefragt, vor allem Ihren beruflichen Status und zur Verifizierung einer angegebenen Adresse auch eine g\u00fcltige E-Mailadresse. Hierzu sind wir nach den Bestimmungen des HWG (Heilmittelwerbegesetz) verpflichtet, weil bestimmte Informationen nur dem Fachpublikum zug\u00e4nglich gemacht werden d\u00fcrfen.<br><br>Ihre Einwilligung zur Speicherung der Daten, der Email-Adresse sowie deren Nutzung zum Versand des Newsletters, so wir diesen anbieten, k\u00f6nnen Sie jederzeit widerrufen.<\/p>\n\n\n\n<h3 class=\"wp-block-heading\"><strong>Wie k\u00f6nnen Sie sich weiter informieren?<\/strong><\/h3>\n\n\n\n<div style=\"height:20px\" aria-hidden=\"true\" class=\"wp-block-spacer\"><\/div>\n\n\n\n<p>Sie k\u00f6nnen jederzeit alle \u00fcber sie aktuell gespeicherte Daten, historische Daten werden periodisch gel\u00f6scht, abfragen. Dabei k\u00f6nnen Sie die Herkunft der Daten erfahren, ob von uns abgefragt, oder von Ihnen geliefert und erhalten ebenso Auskunft \u00fcber den Zweck der Speicherung. Dieses Recht auf Auskunft ist uneingeschr\u00e4nkt, sie k\u00f6nnen es durch eine Mail an die Betreiber (siehe Kontakt) jederzeit wahrnehmen.<br><br>Wenn Sie weitere Fragen in Bezug auf die Speicherung und Verwendung Ihrer personenbezogenen Daten haben, oder Fragen auftreten, die \u00fcber den Umfang dieser Datenschutzerkl\u00e4rung hinausgehen, wenden Sie sich bitte vertrauensvoll an uns. Wir stehen Ihnen jederzeit zur Auskunft und Erl\u00e4uterung zur Verf\u00fcgung.<\/p>\n\n\n\n<h3 class=\"wp-block-heading\"><strong>Kontakt-Formular<\/strong><\/h3>\n\n\n\n<div style=\"height:20px\" aria-hidden=\"true\" class=\"wp-block-spacer\"><\/div>\n\n\n\n<p>Daten, die \u00fcber das Kontaktformular \u00fcbermittelt werden, werden bei uns als E-Mail gespeichert. Diese Daten&nbsp;geben wir nicht an Dritte weiter.<\/p>\n\n\n\n<h3 class=\"wp-block-heading\"><strong>Recht auf Auskunft, L\u00f6schung, Sperrung<\/strong><\/h3>\n\n\n\n<div style=\"height:20px\" aria-hidden=\"true\" class=\"wp-block-spacer\"><\/div>\n\n\n\n<p>Sie haben jederzeit das Recht auf unentgeltliche Auskunft \u00fcber Ihre gespeicherten personenbezogenen&nbsp;Daten, deren Herkunft und Empf\u00e4nger und den Zweck der Datenverarbeitung sowie ein Recht auf&nbsp;Berichtigung, Sperrung oder L\u00f6schung dieser Daten. Hierzu sowie zu weiteren Fragen zum Thema&nbsp;personenbezogene Daten k\u00f6nnen Sie sich jederzeit unter der im Impressum angegebenen Adresse an uns&nbsp;wenden.<\/p>\n","protected":false},"excerpt":{"rendered":"<p>Emotion!\u00a0Praxis f\u00fcr Osteopathie und NaturheilmedizinBranderweg 2891058 Erlangen Verantwortlich f\u00fcr die Homepage:\u00a0Jan \u0160afr Gesetzliche Berufsbezeichnung:\u00a0Heilpraktiker (verliehen in der Bundesrepublik Deutschland) Zust\u00e4ndige Aufsichtsbeh\u00f6rde:\u00a0Erlangen Tag der amts\u00e4rztlichen \u00dcberpr\u00fcfung:\u00a030.06.2014Beh\u00f6rdliche Erlaubnis durch Gesundheitsamt in:\u00a0AnsbachSt.Nr.:\u00a0216\/265\/10482 Erg\u00e4nzende Angaben Dozent an der Uni Erlangen (Massageschule)Berufsverbandsmitgliedschaft in:&nbsp;BDHMitgliedsnummer Berufsverband:&nbsp;107107 Berufsordnung:&nbsp;Nachzulesen im Internet unter https:\/\/www.bdh-online.de\/heilpraktiker\/praxismanagement\/gesetze\/berufsordnung\/ Rechtsgrundlage der Heilpraktikert\u00e4tigkeit, Heilpraktikergesetz und Durchf\u00fchrungsverordnung:&nbsp;Nachzulesen im Internet unter&nbsp;http:\/\/www.gesetze-im-internet.de\/heilprg\/index.html&nbsp;und&nbsp;http:\/\/www.gesetze-im-internet.de\/heilprgdv_1\/index.html Internet Disclaimer [&hellip;]<\/p>\n","protected":false},"author":1,"featured_media":259,"parent":0,"menu_order":0,"comment_status":"closed","ping_status":"closed","template":"","meta":{"footnotes":""},"class_list":["post-57","page","type-page","status-publish","has-post-thumbnail","hentry"],"aioseo_notices":[],"_links":{"self":[{"href":"https:\/\/www.heilpraktiker-safr.de\/wordpress\/wp-json\/wp\/v2\/pages\/57","targetHints":{"allow":["GET"]}}],"collection":[{"href":"https:\/\/www.heilpraktiker-safr.de\/wordpress\/wp-json\/wp\/v2\/pages"}],"about":[{"href":"https:\/\/www.heilpraktiker-safr.de\/wordpress\/wp-json\/wp\/v2\/types\/page"}],"author":[{"embeddable":true,"href":"https:\/\/www.heilpraktiker-safr.de\/wordpress\/wp-json\/wp\/v2\/users\/1"}],"replies":[{"embeddable":true,"href":"https:\/\/www.heilpraktiker-safr.de\/wordpress\/wp-json\/wp\/v2\/comments?post=57"}],"version-history":[{"count":21,"href":"https:\/\/www.heilpraktiker-safr.de\/wordpress\/wp-json\/wp\/v2\/pages\/57\/revisions"}],"predecessor-version":[{"id":324,"href":"https:\/\/www.heilpraktiker-safr.de\/wordpress\/wp-json\/wp\/v2\/pages\/57\/revisions\/324"}],"wp:featuredmedia":[{"embeddable":true,"href":"https:\/\/www.heilpraktiker-safr.de\/wordpress\/wp-json\/wp\/v2\/media\/259"}],"wp:attachment":[{"href":"https:\/\/www.heilpraktiker-safr.de\/wordpress\/wp-json\/wp\/v2\/media?parent=57"}],"curies":[{"name":"wp","href":"https:\/\/api.w.org\/{rel}","templated":true}]}}