{"id":76,"date":"2019-06-30T15:14:34","date_gmt":"2019-06-30T13:14:34","guid":{"rendered":"http:\/\/localhost\/wordpress\/?page_id=76"},"modified":"2024-12-05T21:15:58","modified_gmt":"2024-12-05T21:15:58","slug":"osteopathie","status":"publish","type":"page","link":"https:\/\/www.heilpraktiker-safr.de\/wordpress\/osteopathie\/","title":{"rendered":"Osteopathie"},"content":{"rendered":"\n<h3 class=\"wp-block-heading\"><strong>&#8222;Heilende H\u00e4nde&#8220;<\/strong><\/h3>\n\n\n\n<p>Die Osteopathie ist eine Sonderform der manuellen Therapie (lat. manus = Hand) und wurde Ende des 19. Jhs. von dem amerikanischen Arzt Dr. Andrew Taylor Still (1828-1917) entwickelt.&nbsp;<strong>Sie dient der Diagnose und gezielten Behandlung von Funktionsst\u00f6rungen des K\u00f6rpers.<\/strong><br>Dabei behandeln wir alle Bereiche des Bewegungsapparates \u2013 Knochen, Gelenke, umgebende Strukturen wie Muskeln, Bindegewebe und B\u00e4nder, aber auch Gef\u00e4\u00dfe, Nerven und die inneren Organe. Als ganzheitliche Methode stellen wir die Selbstheilungskr\u00e4fte der Natur und Ihres K\u00f6rpers in den Mittelpunkt unserer Behandlung.<\/p>\n\n\n\n<p class=\"has-text-align-center has-light-green-cyan-background-color has-background\"><strong><em>Als zertifiziertes Mitglied im Verband Freier Osteopathen VFO erf\u00fclle ich die Voraussetzungen zur Bezuschussung meiner osteopathischen Behandlung durch die gesetzlichen Krankenkassen.<\/em>  <\/strong><\/p>\n\n\n\n<h3 class=\"wp-block-heading\"><strong>Anwendungsbeispiele<\/strong><\/h3>\n\n\n\n<p>Da sich die Osteopathie mit gest\u00f6rten Funktionen auseinandersetzt, ist ihr Anwendungsbereich breit gef\u00e4chert und sie kann aus naturheilkundlicher Sicht zumindest unterst\u00fctzend bei fast allen funktionellen und strukturellen Beschwerden eingesetzt werden.&nbsp;&nbsp;<br>Beispielhaft hierf\u00fcr sind (alphabetisch):<\/p>\n\n\n\n<ul class=\"wp-block-list\">\n<li>Bewegungseinschr\u00e4nkungen<\/li>\n\n\n\n<li>Kopfschmerz und Migr\u00e4ne<\/li>\n\n\n\n<li>M\u00fcdigkeitssyndrom<\/li>\n\n\n\n<li>Muskelverspannungen und Schmerzen<\/li>\n\n\n\n<li>Schwindel und Tinnitus<\/li>\n\n\n\n<li>Sodbrennen und Verdauungsbeschwerden <\/li>\n<\/ul>\n\n\n\n<h3 class=\"wp-block-heading\"><strong>Anwendung<\/strong><\/h3>\n\n\n\n<p>F\u00fcr die osteopathische Behandlung stehen uns eine Vielzahl verschiedener Behandlungstechniken zur Verf\u00fcgung. Die Auswahl richtet sich nach der individuellen Diagnose und selbstverst\u00e4ndlich werden bei Bedarf (entsprechend der gestellten Diagnose) zus\u00e4tzlich andere Verfahren der Naturheilkunde angewandt. Die Behandlungsdauer ist dementsprechend unterschiedlich und kann von 15 Minuten bis hin zu \u00fcber 60 Minuten betragen. Bei akuten Beschwerden erfolgen die Behandlungen in Absprache mit relativ kurzem Abstand, bei chronischen Erkrankungen im Abstand von ca. 2 bis 4 Wochen. Welche Behandlungsdauer und -h\u00e4ufigkeit f\u00fcr Sie die sinnvollste ist, besprechen wir mit Ihnen ausf\u00fchrlich auf der Basis Ihrer individuellen Diagnose.<\/p>\n\n\n\n<h3 class=\"wp-block-heading\"><strong>Die Osteopathie basiert auf vier Grundprinzipien:<\/strong><\/h3>\n\n\n\n<ul class=\"wp-block-list\">\n<li>Der Mensch ist eine Einheit aus K\u00f6rper, Geist und Seele. Aus diesem Grund beziehen wir bei der osteopathischen Diagnose und Behandlung den gesamten K\u00f6rper (unabh\u00e4ngig von der Beschwerdestelle), die Lebensumst\u00e4nde,&nbsp;die Psyche etc. mit ein.<\/li>\n\n\n\n<li>Der K\u00f6rper verf\u00fcgt \u00fcber selbstheilende Kr\u00e4fte. Mit Hilfe der Osteopathie sollen Blockaden (im Sinne von Bewegungseinschr\u00e4nkungen), die die Regulationsf\u00e4higkeit behindern, beseitigt werden und so den k\u00f6rpereigenen  Heilungsprozess wieder in Gang bringen.<\/li>\n\n\n\n<li>Es besteht eine Wechselbeziehung zwischen Struktur und Funktion. Es kann sowohl eine gest\u00f6rte Funktion \u00fcber&nbsp;einen l\u00e4ngeren Zeitraum zu einer gest\u00f6rten Gewebestruktur f\u00fchren, als auch z. B. ein Strukturschaden zu einer&nbsp;Funktionseinschr\u00e4nkung.<\/li>\n\n\n\n<li>Der freie Fluss der K\u00f6rperfl\u00fcssigkeiten. Der ungest\u00f6rte Fluss in Arterien, Venen, Kapillaren (kleinste Blutgef\u00e4\u00dfe),&nbsp;Lymphgef\u00e4\u00dfen und im Hirn-R\u00fcckenmark-System ist in der Vorstellung der Osteopathie die Basis f\u00fcr jede gesundheitliche Regulationsf\u00e4higkeit.<\/li>\n<\/ul>\n\n\n\n<h3 class=\"wp-block-heading\"><strong>Informationen zur Therapie<\/strong><\/h3>\n\n\n\n<p>Die wichtigste Basis f\u00fcr die Behandlung ist eine klare Diagnosestellung. Vor Beginn der Behandlung erfolgt deshalb immer eine ausf\u00fchrliche entsprechende Abkl\u00e4rung. Die Osteopathie ist bei einigen schweren (z. B. Tumorerkrankungen) oder chronischen Erkrankungen (z. B. Osteoporose) kontraindiziert. Dazu und \u00fcber m\u00f6gliche Nebenwirkungen informieren wir Sie gerne umfassend und pers\u00f6nlich.<br>Die Osteopathie wird in Deutschland, im Gegensatz beispielsweise zu den USA, von der schulmedizinischen Wissenschaft kaum anerkannt, weil sich die schulmedizinischen bzw. osteopathischen Auffassungen der Krankheitsursachen und ihrer Behandlung zu deutlich unterscheiden. Da sich aber die Osteopathie in der praktischen Behandlung gut bew\u00e4hrt, werden von vielen Privaten KVs die Behandlungskosten gr\u00f6\u00dftenteils \u00fcbernommen und einige Gesetzliche KVs bezuschussen mit unterschiedlichen und sich manchmal auch \u00e4ndernden Modalit\u00e4ten die osteopathische Behandlung \u2013 fragen Sie zum aktuellen Stand Ihre Versicherung.&nbsp;<br><\/p>\n\n\n<div class=\"wp-block-image\">\n<figure class=\"aligncenter is-resized\"><img decoding=\"async\" src=\"https:\/\/www.heilpraktiker-safr.de\/wordpress\/wp-content\/uploads\/2022\/04\/grafik.png\" alt=\"Dieses Bild hat ein leeres Alt-Attribut. Der Dateiname ist grafik.png\" style=\"width:127px;height:131px\"\/><\/figure><\/div>\n\n\n<p><\/p>\n\n\n\n<figure class=\"wp-block-image\"><img decoding=\"async\" src=\"blob:https:\/\/www.heilpraktiker-safr.de\/9c87f626-9476-43dd-9d87-a40fad26c817\" alt=\"\"\/><\/figure>\n\n\n\n<p><\/p>\n","protected":false},"excerpt":{"rendered":"<p>&#8222;Heilende H\u00e4nde&#8220; Die Osteopathie ist eine Sonderform der manuellen Therapie (lat. manus = Hand) und wurde Ende des 19. Jhs. von dem amerikanischen Arzt Dr. Andrew Taylor Still (1828-1917) entwickelt.&nbsp;Sie dient der Diagnose und gezielten Behandlung von Funktionsst\u00f6rungen des K\u00f6rpers.Dabei behandeln wir alle Bereiche des Bewegungsapparates \u2013 Knochen, Gelenke, umgebende Strukturen wie Muskeln, Bindegewebe und [&hellip;]<\/p>\n","protected":false},"author":1,"featured_media":246,"parent":0,"menu_order":0,"comment_status":"closed","ping_status":"closed","template":"","meta":{"footnotes":""},"class_list":["post-76","page","type-page","status-publish","has-post-thumbnail","hentry"],"aioseo_notices":[],"_links":{"self":[{"href":"https:\/\/www.heilpraktiker-safr.de\/wordpress\/wp-json\/wp\/v2\/pages\/76","targetHints":{"allow":["GET"]}}],"collection":[{"href":"https:\/\/www.heilpraktiker-safr.de\/wordpress\/wp-json\/wp\/v2\/pages"}],"about":[{"href":"https:\/\/www.heilpraktiker-safr.de\/wordpress\/wp-json\/wp\/v2\/types\/page"}],"author":[{"embeddable":true,"href":"https:\/\/www.heilpraktiker-safr.de\/wordpress\/wp-json\/wp\/v2\/users\/1"}],"replies":[{"embeddable":true,"href":"https:\/\/www.heilpraktiker-safr.de\/wordpress\/wp-json\/wp\/v2\/comments?post=76"}],"version-history":[{"count":15,"href":"https:\/\/www.heilpraktiker-safr.de\/wordpress\/wp-json\/wp\/v2\/pages\/76\/revisions"}],"predecessor-version":[{"id":446,"href":"https:\/\/www.heilpraktiker-safr.de\/wordpress\/wp-json\/wp\/v2\/pages\/76\/revisions\/446"}],"wp:featuredmedia":[{"embeddable":true,"href":"https:\/\/www.heilpraktiker-safr.de\/wordpress\/wp-json\/wp\/v2\/media\/246"}],"wp:attachment":[{"href":"https:\/\/www.heilpraktiker-safr.de\/wordpress\/wp-json\/wp\/v2\/media?parent=76"}],"curies":[{"name":"wp","href":"https:\/\/api.w.org\/{rel}","templated":true}]}}