{"id":78,"date":"2019-06-30T15:14:27","date_gmt":"2019-06-30T13:14:27","guid":{"rendered":"http:\/\/localhost\/wordpress\/?page_id=78"},"modified":"2019-09-27T08:14:09","modified_gmt":"2019-09-27T08:14:09","slug":"neuraltherapie","status":"publish","type":"page","link":"https:\/\/www.heilpraktiker-safr.de\/wordpress\/neuraltherapie\/","title":{"rendered":"Neuraltherapie"},"content":{"rendered":"\n<p>Der<strong>\u00a0Arzt Ferdinand Huneke<\/strong>\u00a0entdeckte 1925, dass die Injektion (Einspritzung) eines \u00f6rtlich bet\u00e4ubend wirkenden Mittels nicht nur ein begrenztes Gewebegebiet vor\u00fcbergehend schmerzunempfindlich macht, sondern Schmerzen sogar mitunter anhaltend heilen kann.<\/p>\n\n\n\n<h3 class=\"wp-block-heading\"><strong>St\u00f6rfelder als Dauerstress<\/strong><\/h3>\n\n\n\n<p>Die Neuraltherapie geht in ihrer Theorie davon aus, dass \u00f6rtlich begrenzte Reizzust\u00e4nde, sogenannte St\u00f6rfelder, Nervenbahnen so reizen k\u00f6nnen, dass sie auch in entfernten K\u00f6rperregionen chronische Beschwerden ausl\u00f6sen und in Gang halten k\u00f6nnen. Dabei kann, wie wir glauben, jede krankhaft ver\u00e4nderte Stelle des K\u00f6rpers und jedes krankhaft ver\u00e4nderte Organ zum St\u00f6rfeld werden. Durch die von diesem St\u00f6rfeld ausgel\u00f6ste permanente Reizung ist es m\u00f6gich, dass f\u00fcr den K\u00f6rper ein Dauerstress entsteht, der seine eigenen Regulationsmechanismen st\u00f6rt und zu einer \u201eRegulationsstarre\u201c f\u00fchrt. In der Neuraltherapie unterbrechen wir diese Starre z. B. mit Hilfe eines injizierten Lokalan\u00e4sthetikums (\u00f6rtlich bet\u00e4ubend wirkendes Mittel). So erh\u00e4lt der ausl\u00f6sende Herd in unserem Sinne wieder Anschluss an das gesamtk\u00f6rperliche Geschehen. H\u00e4ufige St\u00f6rfelder finden sich z. B. an Narbenverl\u00e4ufen, im Zahn- und Kieferbereich oder an den Mandeln.<\/p>\n\n\n\n<h3 class=\"wp-block-heading\"><strong>Anwendungsbeispiele<\/strong><\/h3>\n\n\n\n<p>Die Neuraltherapie verf\u00fcgt naturheilkundlich \u00fcber einen so weitgef\u00e4cherten Einsatzbereich, dass hier nur einige wenige Punkte beispielhaft genannt werden k\u00f6nnen. Dazu z\u00e4hlen z. B. Erkrankungen des (alphabetisch):<\/p>\n\n\n\n<ul class=\"wp-block-list\"><li><strong>Atemtrakts<\/strong>&nbsp;(z. B. Entz\u00fcndungen, vor allem chronische)<\/li><li><strong>Bewegungsapparates<\/strong>&nbsp;(z. B. Gelenksentz\u00fcndungen, Knorpeldegeneration, rheumatischen Erkrankungen,Muskelbeschwerden)<\/li><li><strong>Haut- und Gef\u00e4\u00dfsystems<\/strong>&nbsp;(z. B. Krampfadern, Lymph\u00f6deme)<\/li><li><strong>Magen-Darm-Trakts<\/strong>&nbsp;(z. B. Colitis ulcerosa, Gastritis)<\/li><li><strong>Nervensystems<\/strong>&nbsp;(z. B. Trigeminusneuralgie<\/li><li><strong>Stoffwechsels<\/strong>&nbsp;(z. B. Gicht)<\/li><li><strong>Urogenitaltrakts<\/strong>&nbsp;(Infekte, Steine, Regelbeschwerden)<br><br>Die Neuraltherapie wird von der Schulmedizin nicht anerkannt, weil keine ausreichenden wissenschaftlichen Studien zur Wirksamkeit vorliegen.<\/li><\/ul>\n\n\n\n<h3 class=\"wp-block-heading\"><strong>Diagnose und Therapie<\/strong><\/h3>\n\n\n\n<p>Zwischen der Entstehung eines St\u00f6rfelds und der Entstehung dadurch bedingter Beschwerden k\u00f6nnen Jahre vergehen, was eine besonders genaue Befunderhebung n\u00f6tig macht. Die Neuraltherapie kann sowohl therapeutisch zur Behandlung, als auch diagnostisch zur St\u00f6rfeldsuche eingesetzt werden.<br><br>Zu Beginn der Behandlung f\u00fchren wir immer ein sehr ausf\u00fchrliches Gespr\u00e4ch. Im Rahmen der eigentlichen Behandlung werden sehr geringprozentige Procain- oder Lidocainl\u00f6sungen zur Bildung von Quaddeln unter die Oberhaut (intrakutan) injiziert. Gelegentlich werden auch medizinische Kochsalzl\u00f6sung oder verschiedene hom\u00f6opathische Kombinationspr\u00e4parate zur Ausl\u00f6sung des Heilreizes eingesetzt.<br><br>Pro Behandlung werden ca. 5-10 ml des Lokalan\u00e4sthetikums (oder eines anderen, f\u00fcr die Neuraltherapie geeigneten Medikaments) gespritzt, je nach Krankheitsbild und Ort der Beschwerden meistens auf mehrere Einstichstellen verteilt. In einigen F\u00e4llen reicht bereits eine einzige Behandlung aus, h\u00e4ufig sind jedoch 5-10 Behandlungen sinnvoll, um einen dauerhaften Erfolg zu erzielen.<\/p>\n\n\n\n<h3 class=\"wp-block-heading\">I<strong>nformationen zur Therapie<\/strong><\/h3>\n\n\n\n<p>Die Neuraltherapie ist aus naturheilkundlicher&nbsp; Sicht f\u00fcr die Behandlung einer Vielzahl von Erkrankungen \u2013 auch in Kombination mit anderen Therapien &#8211; gut geeignet. Trotzdem kommt Sie nicht f\u00fcr jeden Patienten gleicherma\u00dfen in Frage, so z. B. nicht f\u00fcr Patienten mit Gerinnungsst\u00f6rungen. Auch \u00fcber m\u00f6gliche Nebenwirkungen und Risiken informieren wir Sie gerne in einem pers\u00f6nlichen Gespr\u00e4ch. Wenn Sie sich f\u00fcr die Neuraltherapie interessieren, sprechen Sie uns an, wir beraten Sie umfassend!<\/p>\n","protected":false},"excerpt":{"rendered":"<p>Der\u00a0Arzt Ferdinand Huneke\u00a0entdeckte 1925, dass die Injektion (Einspritzung) eines \u00f6rtlich bet\u00e4ubend wirkenden Mittels nicht nur ein begrenztes Gewebegebiet vor\u00fcbergehend schmerzunempfindlich macht, sondern Schmerzen sogar mitunter anhaltend heilen kann. St\u00f6rfelder als Dauerstress Die Neuraltherapie geht in ihrer Theorie davon aus, dass \u00f6rtlich begrenzte Reizzust\u00e4nde, sogenannte St\u00f6rfelder, Nervenbahnen so reizen k\u00f6nnen, dass sie auch in entfernten K\u00f6rperregionen [&hellip;]<\/p>\n","protected":false},"author":1,"featured_media":246,"parent":0,"menu_order":0,"comment_status":"closed","ping_status":"closed","template":"","meta":{"footnotes":""},"class_list":["post-78","page","type-page","status-publish","has-post-thumbnail","hentry"],"aioseo_notices":[],"_links":{"self":[{"href":"https:\/\/www.heilpraktiker-safr.de\/wordpress\/wp-json\/wp\/v2\/pages\/78","targetHints":{"allow":["GET"]}}],"collection":[{"href":"https:\/\/www.heilpraktiker-safr.de\/wordpress\/wp-json\/wp\/v2\/pages"}],"about":[{"href":"https:\/\/www.heilpraktiker-safr.de\/wordpress\/wp-json\/wp\/v2\/types\/page"}],"author":[{"embeddable":true,"href":"https:\/\/www.heilpraktiker-safr.de\/wordpress\/wp-json\/wp\/v2\/users\/1"}],"replies":[{"embeddable":true,"href":"https:\/\/www.heilpraktiker-safr.de\/wordpress\/wp-json\/wp\/v2\/comments?post=78"}],"version-history":[{"count":13,"href":"https:\/\/www.heilpraktiker-safr.de\/wordpress\/wp-json\/wp\/v2\/pages\/78\/revisions"}],"predecessor-version":[{"id":293,"href":"https:\/\/www.heilpraktiker-safr.de\/wordpress\/wp-json\/wp\/v2\/pages\/78\/revisions\/293"}],"wp:featuredmedia":[{"embeddable":true,"href":"https:\/\/www.heilpraktiker-safr.de\/wordpress\/wp-json\/wp\/v2\/media\/246"}],"wp:attachment":[{"href":"https:\/\/www.heilpraktiker-safr.de\/wordpress\/wp-json\/wp\/v2\/media?parent=78"}],"curies":[{"name":"wp","href":"https:\/\/api.w.org\/{rel}","templated":true}]}}